{"id":4189,"date":"2023-12-21T15:30:00","date_gmt":"2023-12-21T15:30:00","guid":{"rendered":"https:\/\/steelblue-quail-777252.hostingersite.com\/?page_id=4189"},"modified":"2025-05-22T09:03:43","modified_gmt":"2025-05-22T09:03:43","slug":"confidencialidad","status":"publish","type":"page","link":"https:\/\/hurento.ma\/es\/confidencialidad\/","title":{"rendered":"Confidencialidad"},"content":{"rendered":"\t\t<div data-elementor-type=\"wp-page\" data-elementor-id=\"4189\" class=\"elementor elementor-4189 elementor-761\" data-elementor-post-type=\"page\">\n\t\t\t\t<div class=\"elementor-element elementor-element-55ae1c1 e-flex e-con-boxed e-con e-parent\" data-id=\"55ae1c1\" data-element_type=\"container\" data-e-type=\"container\">\n\t\t\t\t\t<div class=\"e-con-inner\">\n\t\t\t\t<div class=\"elementor-element elementor-element-01eed39 elementor-widget elementor-widget-text-editor\" data-id=\"01eed39\" data-element_type=\"widget\" data-e-type=\"widget\" data-widget_type=\"text-editor.default\">\n\t\t\t\t<div class=\"elementor-widget-container\">\n\t\t\t\t\t\t\t\t\t<h1>Hurento.ma Pol\u00edtica de privacidad<\/h1><h2>1. Introducci\u00f3n<\/h2><p>Bienvenidos a Hurento. Esta Pol\u00edtica de Privacidad explica c\u00f3mo en Hurento recopilamos, usamos, divulgamos y protegemos la informaci\u00f3n personal de los usuarios de nuestro sitio. <\/p><h2>2. Recopilaci\u00f3n de informaci\u00f3n<\/h2><p>Recopilamos informaci\u00f3n cuando navega por nuestro sitio, se registra en nuestro sitio y utiliza nuestros servicios. Los tipos de informaci\u00f3n recopilada pueden incluir su nombre, direcci\u00f3n de correo electr\u00f3nico, n\u00famero de tel\u00e9fono y direcci\u00f3n IP. <\/p><h2>3. Uso de la informaci\u00f3n<\/h2><p>La informaci\u00f3n que recopilamos se puede utilizar para:<\/p><ul><li>Personalice su experiencia y satisfaga sus necesidades individuales<\/li><li>Proporcionar contenido publicitario personalizado<\/li><li>Mejorar nuestro sitio web<\/li><li>Mejore el servicio al cliente y sus necesidades de soporte<\/li><li>Ponernos en contacto con usted por correo electr\u00f3nico<\/li><\/ul><h2>4. Privacidad del comercio online<\/h2><p>Somos los \u00fanicos propietarios de la informaci\u00f3n recopilada en este sitio. Su informaci\u00f3n personal no ser\u00e1 vendida, intercambiada, transferida o entregada a ninguna otra empresa por ning\u00fan motivo, sin su consentimiento. <\/p><h2>5. Divulgaci\u00f3n a terceros<\/h2><p>No vendemos, intercambiamos ni transferimos su informaci\u00f3n de identificaci\u00f3n personal a terceros. Esto no incluye a terceros de confianza que nos ayudan a operar nuestro sitio web, llevar a cabo nuestro negocio o prestarle servicios, siempre y cuando esas partes acuerden mantener dicha informaci\u00f3n confidencial. <\/p><h2>6. Protecci\u00f3n de la informaci\u00f3n<\/h2><p>Implementamos una variedad de medidas de seguridad para mantener segura su informaci\u00f3n personal. Utilizamos encriptaci\u00f3n de \u00faltima generaci\u00f3n para proteger la informaci\u00f3n confidencial transmitida en l\u00ednea. <\/p><h2>7. Consentimiento<\/h2><p>Al utilizar nuestro sitio, usted acepta nuestra Pol\u00edtica de Privacidad.<\/p>\t\t\t\t\t\t\t\t<\/div>\n\t\t\t\t<\/div>\n\t\t\t\t\t<\/div>\n\t\t\t\t<\/div>\n\t\t\t\t<\/div>\n\t\t","protected":false},"excerpt":{"rendered":"<p>Hurento.ma Pol\u00edtica de privacidad 1. Introducci\u00f3n Bienvenidos a Hurento. Esta Pol\u00edtica de Privacidad explica c\u00f3mo en Hurento recopilamos, usamos, divulgamos y protegemos la informaci\u00f3n personal de los usuarios de nuestro sitio. 2. Recopilaci\u00f3n de informaci\u00f3n Recopilamos informaci\u00f3n cuando navega por nuestro sitio, se registra en nuestro sitio y utiliza nuestros servicios. Los tipos de informaci\u00f3n [&hellip;]<\/p>\n","protected":false},"author":1,"featured_media":0,"parent":0,"menu_order":0,"comment_status":"closed","ping_status":"closed","template":"","meta":{"_acf_changed":false,"footnotes":""},"class_list":["post-4189","page","type-page","status-publish","hentry"],"acf":[],"_links":{"self":[{"href":"https:\/\/hurento.ma\/es\/wp-json\/wp\/v2\/pages\/4189","targetHints":{"allow":["GET"]}}],"collection":[{"href":"https:\/\/hurento.ma\/es\/wp-json\/wp\/v2\/pages"}],"about":[{"href":"https:\/\/hurento.ma\/es\/wp-json\/wp\/v2\/types\/page"}],"author":[{"embeddable":true,"href":"https:\/\/hurento.ma\/es\/wp-json\/wp\/v2\/users\/1"}],"replies":[{"embeddable":true,"href":"https:\/\/hurento.ma\/es\/wp-json\/wp\/v2\/comments?post=4189"}],"version-history":[{"count":2,"href":"https:\/\/hurento.ma\/es\/wp-json\/wp\/v2\/pages\/4189\/revisions"}],"predecessor-version":[{"id":4192,"href":"https:\/\/hurento.ma\/es\/wp-json\/wp\/v2\/pages\/4189\/revisions\/4192"}],"wp:attachment":[{"href":"https:\/\/hurento.ma\/es\/wp-json\/wp\/v2\/media?parent=4189"}],"curies":[{"name":"wp","href":"https:\/\/api.w.org\/{rel}","templated":true}]}}